{"id":139,"date":"2018-02-18T14:06:12","date_gmt":"2018-02-18T14:06:12","guid":{"rendered":"https:\/\/www.zg-magyar.hr\/?page_id=139"},"modified":"2025-03-30T11:00:36","modified_gmt":"2025-03-30T11:00:36","slug":"clanovi","status":"publish","type":"page","link":"https:\/\/www.zg-magyar.hr\/hu\/vijece\/clanovi\/","title":{"rendered":"Tan\u00e1cstagok"},"content":{"rendered":"<p class=\"qtranxs-available-languages-message qtranxs-available-languages-message-hu\">Sajnos ennek a bejegyz\u00e9snek csak <a href=\"https:\/\/www.zg-magyar.hr\/hr\/wp-json\/wp\/v2\/pages\/139\" class=\"qtranxs-available-language-link qtranxs-available-language-link-hr\" title=\"Hrvatski\">Hrvatski<\/a> nyelv\u0171 v\u00e1ltozata van.<\/p>","protected":false},"excerpt":{"rendered":"<p>Sajnos ennek a bejegyz\u00e9snek csak Hrvatski nyelv\u0171 v\u00e1ltozata van.<\/p>\n","protected":false},"author":1,"featured_media":0,"parent":28,"menu_order":0,"comment_status":"closed","ping_status":"closed","template":"","meta":{"footnotes":""},"class_list":["post-139","page","type-page","status-publish","hentry"],"_links":{"self":[{"href":"https:\/\/www.zg-magyar.hr\/hu\/wp-json\/wp\/v2\/pages\/139","targetHints":{"allow":["GET"]}}],"collection":[{"href":"https:\/\/www.zg-magyar.hr\/hu\/wp-json\/wp\/v2\/pages"}],"about":[{"href":"https:\/\/www.zg-magyar.hr\/hu\/wp-json\/wp\/v2\/types\/page"}],"author":[{"embeddable":true,"href":"https:\/\/www.zg-magyar.hr\/hu\/wp-json\/wp\/v2\/users\/1"}],"replies":[{"embeddable":true,"href":"https:\/\/www.zg-magyar.hr\/hu\/wp-json\/wp\/v2\/comments?post=139"}],"version-history":[{"count":8,"href":"https:\/\/www.zg-magyar.hr\/hu\/wp-json\/wp\/v2\/pages\/139\/revisions"}],"predecessor-version":[{"id":811,"href":"https:\/\/www.zg-magyar.hr\/hu\/wp-json\/wp\/v2\/pages\/139\/revisions\/811"}],"up":[{"embeddable":true,"href":"https:\/\/www.zg-magyar.hr\/hu\/wp-json\/wp\/v2\/pages\/28"}],"wp:attachment":[{"href":"https:\/\/www.zg-magyar.hr\/hu\/wp-json\/wp\/v2\/media?parent=139"}],"curies":[{"name":"wp","href":"https:\/\/api.w.org\/{rel}","templated":true}]}}