{"id":351,"date":"2018-10-20T13:14:55","date_gmt":"2018-10-20T13:14:55","guid":{"rendered":"https:\/\/www.zg-magyar.hr\/?page_id=351"},"modified":"2025-03-30T10:48:23","modified_gmt":"2025-03-30T10:48:23","slug":"clanovi-odbora","status":"publish","type":"page","link":"https:\/\/www.zg-magyar.hr\/hu\/clanovi-odbora\/","title":{"rendered":"\u010clanovi odbora (hr)"},"content":{"rendered":"<p class=\"qtranxs-available-languages-message qtranxs-available-languages-message-hu\">Sajnos ennek a bejegyz\u00e9snek csak <a href=\"https:\/\/www.zg-magyar.hr\/hr\/wp-json\/wp\/v2\/pages\/351\" class=\"qtranxs-available-language-link qtranxs-available-language-link-hr\" title=\"Hrvatski\">Hrvatski<\/a> nyelv\u0171 v\u00e1ltozata van.<\/p>","protected":false},"excerpt":{"rendered":"<p>Sajnos ennek a bejegyz\u00e9snek csak Hrvatski nyelv\u0171 v\u00e1ltozata van.<\/p>\n","protected":false},"author":1,"featured_media":0,"parent":0,"menu_order":0,"comment_status":"closed","ping_status":"closed","template":"","meta":{"footnotes":""},"class_list":["post-351","page","type-page","status-publish","hentry"],"_links":{"self":[{"href":"https:\/\/www.zg-magyar.hr\/hu\/wp-json\/wp\/v2\/pages\/351","targetHints":{"allow":["GET"]}}],"collection":[{"href":"https:\/\/www.zg-magyar.hr\/hu\/wp-json\/wp\/v2\/pages"}],"about":[{"href":"https:\/\/www.zg-magyar.hr\/hu\/wp-json\/wp\/v2\/types\/page"}],"author":[{"embeddable":true,"href":"https:\/\/www.zg-magyar.hr\/hu\/wp-json\/wp\/v2\/users\/1"}],"replies":[{"embeddable":true,"href":"https:\/\/www.zg-magyar.hr\/hu\/wp-json\/wp\/v2\/comments?post=351"}],"version-history":[{"count":6,"href":"https:\/\/www.zg-magyar.hr\/hu\/wp-json\/wp\/v2\/pages\/351\/revisions"}],"predecessor-version":[{"id":809,"href":"https:\/\/www.zg-magyar.hr\/hu\/wp-json\/wp\/v2\/pages\/351\/revisions\/809"}],"wp:attachment":[{"href":"https:\/\/www.zg-magyar.hr\/hu\/wp-json\/wp\/v2\/media?parent=351"}],"curies":[{"name":"wp","href":"https:\/\/api.w.org\/{rel}","templated":true}]}}