{"id":414,"date":"2019-04-06T20:37:15","date_gmt":"2019-04-06T20:37:15","guid":{"rendered":"https:\/\/www.zg-magyar.hr\/?page_id=414"},"modified":"2019-04-06T20:37:35","modified_gmt":"2019-04-06T20:37:35","slug":"odred-izvidaca-madara-zrinyi-miklos","status":"publish","type":"page","link":"https:\/\/www.zg-magyar.hr\/hu\/madari-u-zg\/udruge\/odred-izvidaca-madara-zrinyi-miklos\/","title":{"rendered":"Horv\u00e1torsz\u00e1gi Magyarok Zr\u00ednyi Mikl\u00f3s Cserk\u00e9szcsapata"},"content":{"rendered":"<p>Horv\u00e1torsz\u00e1gi Magyarok Zr\u00ednyi Mik\u00f3s Cserk\u00e9szcsapata<br \/>\nLevelez\u00e9si c\u00edm: Remetinecka cesta 77a, 10000 Zagreb, Horv\u00e1torsz\u00e1g<\/p>\n<p>Eln\u00f6k: Bal\u00e1zs Piri Zolt\u00e1n<br \/>\nMail c\u00edm:\u00a0<a href=\"mailto:zoltanbalazpiri@gmail.com\">zoltanbalazpiri@gmail.com<\/a><br \/>\ntel: ++385 91 2449 222<\/p>\n<p>Titk\u00e1r: Leonora Lenke Malic ( Liko)<br \/>\nMail c\u00edm:\u00a0<a href=\"mailto:leonora.malic@gmail.com\">leonora.malic@gmail.com<\/a><\/p>\n<p>\u0150rsvezet\u0151: Hergovich Katica<br \/>\nMail c\u00edm:\u00a0<a href=\"mailto:katica.hergovich@gmail.com\">katica.hergovich@gmail.com<\/a><\/p>","protected":false},"excerpt":{"rendered":"<p>Horv\u00e1torsz\u00e1gi Magyarok Zr\u00ednyi Mik\u00f3s Cserk\u00e9szcsapata Levelez\u00e9si c\u00edm: Remetinecka cesta 77a, 10000 Zagreb, Horv\u00e1torsz\u00e1g Eln\u00f6k: Bal\u00e1zs Piri Zolt\u00e1n Mail c\u00edm:\u00a0zoltanbalazpiri@gmail.com tel: ++385 91 2449 222 Titk\u00e1r: Leonora Lenke Malic ( Liko) Mail c\u00edm:\u00a0leonora.malic@gmail.com \u0150rsvezet\u0151: Hergovich Katica Mail c\u00edm:\u00a0katica.hergovich@gmail.com<\/p>\n","protected":false},"author":1,"featured_media":0,"parent":149,"menu_order":0,"comment_status":"closed","ping_status":"closed","template":"","meta":{"footnotes":""},"class_list":["post-414","page","type-page","status-publish","hentry"],"_links":{"self":[{"href":"https:\/\/www.zg-magyar.hr\/hu\/wp-json\/wp\/v2\/pages\/414","targetHints":{"allow":["GET"]}}],"collection":[{"href":"https:\/\/www.zg-magyar.hr\/hu\/wp-json\/wp\/v2\/pages"}],"about":[{"href":"https:\/\/www.zg-magyar.hr\/hu\/wp-json\/wp\/v2\/types\/page"}],"author":[{"embeddable":true,"href":"https:\/\/www.zg-magyar.hr\/hu\/wp-json\/wp\/v2\/users\/1"}],"replies":[{"embeddable":true,"href":"https:\/\/www.zg-magyar.hr\/hu\/wp-json\/wp\/v2\/comments?post=414"}],"version-history":[{"count":2,"href":"https:\/\/www.zg-magyar.hr\/hu\/wp-json\/wp\/v2\/pages\/414\/revisions"}],"predecessor-version":[{"id":416,"href":"https:\/\/www.zg-magyar.hr\/hu\/wp-json\/wp\/v2\/pages\/414\/revisions\/416"}],"up":[{"embeddable":true,"href":"https:\/\/www.zg-magyar.hr\/hu\/wp-json\/wp\/v2\/pages\/149"}],"wp:attachment":[{"href":"https:\/\/www.zg-magyar.hr\/hu\/wp-json\/wp\/v2\/media?parent=414"}],"curies":[{"name":"wp","href":"https:\/\/api.w.org\/{rel}","templated":true}]}}