{"id":481,"date":"2019-04-06T20:56:36","date_gmt":"2019-04-06T20:56:36","guid":{"rendered":"https:\/\/www.zg-magyar.hr\/?page_id=481"},"modified":"2019-04-06T20:56:36","modified_gmt":"2019-04-06T20:56:36","slug":"hrvatsko-madarsko-drustvo-prijateljstva","status":"publish","type":"page","link":"https:\/\/www.zg-magyar.hr\/hu\/madari-u-zg\/udruge\/hrvatsko-madarsko-drustvo-prijateljstva\/","title":{"rendered":"Horv\u00e1t- Magyar Bar\u00e1ti T\u00e1rsas\u00e1g"},"content":{"rendered":"","protected":false},"excerpt":{"rendered":"","protected":false},"author":1,"featured_media":0,"parent":149,"menu_order":0,"comment_status":"closed","ping_status":"closed","template":"","meta":{"footnotes":""},"class_list":["post-481","page","type-page","status-publish","hentry"],"_links":{"self":[{"href":"https:\/\/www.zg-magyar.hr\/hu\/wp-json\/wp\/v2\/pages\/481","targetHints":{"allow":["GET"]}}],"collection":[{"href":"https:\/\/www.zg-magyar.hr\/hu\/wp-json\/wp\/v2\/pages"}],"about":[{"href":"https:\/\/www.zg-magyar.hr\/hu\/wp-json\/wp\/v2\/types\/page"}],"author":[{"embeddable":true,"href":"https:\/\/www.zg-magyar.hr\/hu\/wp-json\/wp\/v2\/users\/1"}],"replies":[{"embeddable":true,"href":"https:\/\/www.zg-magyar.hr\/hu\/wp-json\/wp\/v2\/comments?post=481"}],"version-history":[{"count":1,"href":"https:\/\/www.zg-magyar.hr\/hu\/wp-json\/wp\/v2\/pages\/481\/revisions"}],"predecessor-version":[{"id":485,"href":"https:\/\/www.zg-magyar.hr\/hu\/wp-json\/wp\/v2\/pages\/481\/revisions\/485"}],"up":[{"embeddable":true,"href":"https:\/\/www.zg-magyar.hr\/hu\/wp-json\/wp\/v2\/pages\/149"}],"wp:attachment":[{"href":"https:\/\/www.zg-magyar.hr\/hu\/wp-json\/wp\/v2\/media?parent=481"}],"curies":[{"name":"wp","href":"https:\/\/api.w.org\/{rel}","templated":true}]}}