{"id":734,"date":"2022-06-07T13:49:00","date_gmt":"2022-06-07T13:49:00","guid":{"rendered":"https:\/\/www.zg-magyar.hr\/?page_id=734"},"modified":"2023-04-04T20:39:37","modified_gmt":"2023-04-04T20:39:37","slug":"2022-2","status":"publish","type":"page","link":"https:\/\/www.zg-magyar.hr\/hu\/vijece\/planovi-i-izvjesca\/2022-2\/","title":{"rendered":"2022"},"content":{"rendered":"<p class=\"qtranxs-available-languages-message qtranxs-available-languages-message-hu\">Sajnos ennek a bejegyz\u00e9snek csak <a href=\"https:\/\/www.zg-magyar.hr\/hr\/wp-json\/wp\/v2\/pages\/734\" class=\"qtranxs-available-language-link qtranxs-available-language-link-hr\" title=\"Hrvatski\">Hrvatski<\/a> nyelv\u0171 v\u00e1ltozata van.<\/p>","protected":false},"excerpt":{"rendered":"<p>Sajnos ennek a bejegyz\u00e9snek csak Hrvatski nyelv\u0171 v\u00e1ltozata van.<\/p>\n","protected":false},"author":1,"featured_media":0,"parent":145,"menu_order":0,"comment_status":"closed","ping_status":"closed","template":"","meta":{"footnotes":""},"class_list":["post-734","page","type-page","status-publish","hentry"],"_links":{"self":[{"href":"https:\/\/www.zg-magyar.hr\/hu\/wp-json\/wp\/v2\/pages\/734","targetHints":{"allow":["GET"]}}],"collection":[{"href":"https:\/\/www.zg-magyar.hr\/hu\/wp-json\/wp\/v2\/pages"}],"about":[{"href":"https:\/\/www.zg-magyar.hr\/hu\/wp-json\/wp\/v2\/types\/page"}],"author":[{"embeddable":true,"href":"https:\/\/www.zg-magyar.hr\/hu\/wp-json\/wp\/v2\/users\/1"}],"replies":[{"embeddable":true,"href":"https:\/\/www.zg-magyar.hr\/hu\/wp-json\/wp\/v2\/comments?post=734"}],"version-history":[{"count":5,"href":"https:\/\/www.zg-magyar.hr\/hu\/wp-json\/wp\/v2\/pages\/734\/revisions"}],"predecessor-version":[{"id":755,"href":"https:\/\/www.zg-magyar.hr\/hu\/wp-json\/wp\/v2\/pages\/734\/revisions\/755"}],"up":[{"embeddable":true,"href":"https:\/\/www.zg-magyar.hr\/hu\/wp-json\/wp\/v2\/pages\/145"}],"wp:attachment":[{"href":"https:\/\/www.zg-magyar.hr\/hu\/wp-json\/wp\/v2\/media?parent=734"}],"curies":[{"name":"wp","href":"https:\/\/api.w.org\/{rel}","templated":true}]}}